{"id":715,"date":"2025-01-23T10:36:06","date_gmt":"2025-01-23T09:36:06","guid":{"rendered":"https:\/\/museoscerrato.unior.it\/?page_id=715"},"modified":"2026-03-06T22:13:29","modified_gmt":"2026-03-06T21:13:29","slug":"la-storia-del-museo","status":"publish","type":"page","link":"https:\/\/museoscerrato.unior.it\/?page_id=715","title":{"rendered":"Sistema Museale di Ateneo"},"content":{"rendered":"\n<h1 class=\"wp-block-heading\">Sistema Museale di Ateneo<\/h1>\n\n\n\n<section class=\"wp-block-qi-blocks-columns qodef-gutenberg-section qodef--template qodef-block-1353debc qodef-col-num--1 qodef-col-layout--100 qodef-content--boxed\"><div class=\"qodef-section-background-overlay\"><\/div><div class=\"qodef-gutenberg-row\">\n<div class=\"wp-block-qi-blocks-column qodef-gutenberg-column qodef-block-21636795\"><div class=\"qodef-gutenberg-column-inner\">\n<p>Il Sistema Museale di Ateneo dell\u2019Universit\u00e0 degli Studi di Napoli L\u2019Orientale, istituito nel 2017, coordina e valorizza il patrimonio museale dell\u2019Ateneo, articolato nelle collezioni del Museo Orientale \u201cUmberto Scerrato\u201d (MOUS) e del Museo della Societ\u00e0 Africana d\u2019Italia (SAI).<\/p>\n\n\n\n<p>Le raccolte comprendono materiali archeologici, artistici ed etnografici provenienti da un\u2019ampia area geografica che si estende dall\u2019Africa orientale al Vicino Oriente, dall\u2019Asia centrale al subcontinente indiano e alla Cina. Il patrimonio del Sistema Museale documenta millenni di storia delle civilt\u00e0 orientali e delle relazioni tra Europa, Africa e Asia.<\/p>\n\n\n\n<p>Attraverso una gestione integrata delle collezioni, il Sistema Museale promuove attivit\u00e0 di ricerca scientifica, programmi didattici e iniziative di divulgazione rivolte alla comunit\u00e0 accademica e al pubblico pi\u00f9 ampio, collaborando con istituzioni e centri di ricerca a livello nazionale e internazionale.<\/p>\n\n\n\n<p>Le attivit\u00e0 del Sistema Museale comprendono lo studio e la valorizzazione delle collezioni, l\u2019organizzazione di mostre ed eventi, programmi di formazione e progetti digitali che rendono accessibile il patrimonio museale anche attraverso strumenti immersivi e interattivi.<\/p>\n<\/div><\/div>\n<\/div><\/section>\n\n\n\n<section class=\"wp-block-qi-blocks-columns qodef-gutenberg-section qodef--template qodef-block-9c9712ce qodef-col-num--1 qodef-col-layout--100 qodef-content--boxed\"><div class=\"qodef-section-background-overlay\"><\/div><div class=\"qodef-gutenberg-row\">\n<div class=\"wp-block-qi-blocks-column qodef-gutenberg-column qodef-block-e556a8d5\"><div class=\"qodef-gutenberg-column-inner\">\n<h2 class=\"wp-block-heading\">Il Museo cresce<\/h2>\n\n\n\n<div class=\"wp-block-qi-blocks-timeline qodef-block-container qodef-block-c4925a3e qodef-entrance-animation--on qodef-animation-speed--normal\" data-animation=\"fadeIn\"><div class=\"qi-block-timeline qodef-block qodef-m qodef-timeline--horizontal qodef-timeline-layout--horizontal-standard qodef--has-appear qodef-point--standard\" data-options=\"{&quot;colNum&quot;:3}\"><div class=\"qodef-nav-prev\"><svg xmlns=\"http:\/\/www.w3.org\/2000\/svg\" xmlns:xlink=\"http:\/\/www.w3.org\/1999\/xlink\" x=\"0px\" y=\"0px\" viewBox=\"0 0 34.2 32.3\" xml:space=\"preserve\" style=\"stroke-width: 2;\"><line x1=\"0.5\" y1=\"16\" x2=\"33.5\" y2=\"16\"\/><line x1=\"0.3\" y1=\"16.5\" x2=\"16.2\" y2=\"0.7\"\/><line x1=\"0\" y1=\"15.4\" x2=\"16.2\" y2=\"31.6\"\/><\/svg><\/div><div class=\"qodef-nav-next\"><svg xmlns=\"http:\/\/www.w3.org\/2000\/svg\" xmlns:xlink=\"http:\/\/www.w3.org\/1999\/xlink\" x=\"0px\" y=\"0px\" viewBox=\"0 0 34.2 32.3\" xml:space=\"preserve\" style=\"stroke-width: 2;\"><line x1=\"0\" y1=\"16\" x2=\"33\" y2=\"16\"\/><line x1=\"17.3\" y1=\"0.7\" x2=\"33.2\" y2=\"16.5\"\/><line x1=\"17.3\" y1=\"31.6\" x2=\"33.5\" y2=\"15.4\"\/><\/svg><\/div><div class=\"qodef-timeline-inner qodef-gutenberg-row\"><div class=\"qodef-e qodef-e-item qodef-gutenberg-column qodef-reverse\"><div class=\"qodef-e-line-holder\"><span class=\"qodef-e-line\"><\/span><div class=\"qodef-e-point-holder\"><div class=\"qodef-e-point\"><\/div><\/div><\/div><div class=\"qodef-e-item-inner\"><div class=\"qodef-e-top-holder\"><div class=\"qodef-e-image\"><img decoding=\"async\" src=\"https:\/\/museoscerrato.unior.it\/wp-content\/uploads\/2024\/12\/no-img.png\" alt=\"\"\/><\/div><\/div><div class=\"qodef-e-content-holder\"><div class=\"qodef-e-date\">1960-1970<\/div><h3 class=\"qodef-e-title\"><a>Acquisizione della collezione 1<\/a><\/h3><\/div><\/div><\/div><div class=\"qodef-e qodef-e-item qodef-gutenberg-column qodef-obverse\"><div class=\"qodef-e-line-holder\"><span class=\"qodef-e-line\"><\/span><div class=\"qodef-e-point-holder\"><div class=\"qodef-e-point\"><\/div><\/div><\/div><div class=\"qodef-e-item-inner\"><div class=\"qodef-e-top-holder\"><div class=\"qodef-e-image\"><img decoding=\"async\" src=\"https:\/\/museoscerrato.unior.it\/wp-content\/uploads\/2024\/12\/no-img.png\" alt=\"\"\/><\/div><\/div><div class=\"qodef-e-content-holder\"><div class=\"qodef-e-date\">1980-1990<\/div><h3 class=\"qodef-e-title\"><a>Acquisizione della  collezione 2<\/a><\/h3><\/div><\/div><\/div><div class=\"qodef-e qodef-e-item qodef-gutenberg-column qodef-reverse\"><div class=\"qodef-e-line-holder\"><span class=\"qodef-e-line\"><\/span><div class=\"qodef-e-point-holder\"><div class=\"qodef-e-point\"><\/div><\/div><\/div><div class=\"qodef-e-item-inner\"><div class=\"qodef-e-top-holder\"><div class=\"qodef-e-image\"><img decoding=\"async\" src=\"https:\/\/museoscerrato.unior.it\/wp-content\/uploads\/2024\/12\/no-img.png\" alt=\"\"\/><\/div><\/div><div class=\"qodef-e-content-holder\"><div class=\"qodef-e-date\">2009<\/div><h3 class=\"qodef-e-title\"><a>Prima mostra allestita<\/a><\/h3><p class=\"qodef-e-text\">Prima mostra allestita in occasione della Laurea honoris causa in Politiche ed Istituzioni dell\u2019Europa al Presidente della Repubblica Italiana Giorgio Napolitano (14 novembre 2009)<\/p><\/div><\/div><\/div><div class=\"qodef-e qodef-e-item qodef-gutenberg-column qodef-obverse\"><div class=\"qodef-e-line-holder\"><span class=\"qodef-e-line\"><\/span><div class=\"qodef-e-point-holder\"><div class=\"qodef-e-point\"><\/div><\/div><\/div><div class=\"qodef-e-item-inner\"><div class=\"qodef-e-top-holder\"><div class=\"qodef-e-image\"><img decoding=\"async\" src=\"https:\/\/museoscerrato.unior.it\/wp-content\/uploads\/2024\/12\/no-img.png\" alt=\"\"\/><\/div><\/div><div class=\"qodef-e-content-holder\"><div class=\"qodef-e-date\">&#8211;<\/div><h3 class=\"qodef-e-title\"><a>Mostra Mersa ?<\/a><\/h3><\/div><\/div><\/div><div class=\"qodef-e qodef-e-item qodef-gutenberg-column qodef-reverse\"><div class=\"qodef-e-line-holder\"><span class=\"qodef-e-line\"><\/span><div class=\"qodef-e-point-holder\"><div class=\"qodef-e-point\"><\/div><\/div><\/div><div class=\"qodef-e-item-inner\"><div class=\"qodef-e-top-holder\"><div class=\"qodef-e-image\"><img decoding=\"async\" src=\"https:\/\/museoscerrato.unior.it\/wp-content\/uploads\/2024\/12\/no-img.png\" alt=\"\"\/><\/div><\/div><div class=\"qodef-e-content-holder\"><div class=\"qodef-e-date\">2011<\/div><h3 class=\"qodef-e-title\"><a>Acquisizione Fondo Ricci<\/a><\/h3><\/div><\/div><\/div><div class=\"qodef-e qodef-e-item qodef-gutenberg-column qodef-obverse\"><div class=\"qodef-e-line-holder\"><span class=\"qodef-e-line\"><\/span><div class=\"qodef-e-point-holder\"><div class=\"qodef-e-point\"><\/div><\/div><\/div><div class=\"qodef-e-item-inner\"><div class=\"qodef-e-top-holder\"><div class=\"qodef-e-image\"><img decoding=\"async\" src=\"https:\/\/museoscerrato.unior.it\/wp-content\/uploads\/2024\/12\/no-img.png\" alt=\"\"\/><\/div><\/div><div class=\"qodef-e-content-holder\"><div class=\"qodef-e-date\">2012<\/div><h3 class=\"qodef-e-title\"><a>Apertura del Museo Orientale Umberto Scerrato<\/a><\/h3><\/div><\/div><\/div><div class=\"qodef-e qodef-e-item qodef-gutenberg-column qodef-reverse\"><div class=\"qodef-e-line-holder\"><span class=\"qodef-e-line\"><\/span><div class=\"qodef-e-point-holder\"><div class=\"qodef-e-point\"><\/div><\/div><\/div><div class=\"qodef-e-item-inner\"><div class=\"qodef-e-top-holder\"><div class=\"qodef-e-image\"><img decoding=\"async\" src=\"https:\/\/museoscerrato.unior.it\/wp-content\/uploads\/2024\/12\/no-img.png\" alt=\"\"\/><\/div><\/div><div class=\"qodef-e-content-holder\"><div class=\"qodef-e-date\">2013<\/div><h3 class=\"qodef-e-title\"><a>Donazione Pittui<\/a><\/h3><\/div><\/div><\/div><div class=\"qodef-e qodef-e-item qodef-gutenberg-column qodef-obverse\"><div class=\"qodef-e-line-holder\"><span class=\"qodef-e-line\"><\/span><div class=\"qodef-e-point-holder\"><div class=\"qodef-e-point\"><\/div><\/div><\/div><div class=\"qodef-e-item-inner\"><div class=\"qodef-e-top-holder\"><div class=\"qodef-e-image\"><img decoding=\"async\" src=\"https:\/\/museoscerrato.unior.it\/wp-content\/uploads\/2024\/12\/no-img.png\" alt=\"\"\/><\/div><\/div><div class=\"qodef-e-content-holder\"><div class=\"qodef-e-date\">2014<\/div><h3 class=\"qodef-e-title\"><a>Apertura del Museo della Societ\u00e0 Africana d&#8217;Italia<\/a><\/h3><\/div><\/div><\/div><div class=\"qodef-e qodef-e-item qodef-gutenberg-column qodef-reverse\"><div class=\"qodef-e-line-holder\"><span class=\"qodef-e-line\"><\/span><div class=\"qodef-e-point-holder\"><div class=\"qodef-e-point\"><\/div><\/div><\/div><div class=\"qodef-e-item-inner\"><div class=\"qodef-e-top-holder\"><div class=\"qodef-e-image\"><img decoding=\"async\" src=\"https:\/\/museoscerrato.unior.it\/wp-content\/uploads\/2024\/12\/no-img.png\" alt=\"\"\/><\/div><\/div><div class=\"qodef-e-content-holder\"><div class=\"qodef-e-date\">2017<\/div><h3 class=\"qodef-e-title\">Istituzione del Sistema Museale<\/h3><p class=\"qodef-e-text\">Istituzione del Sistema Museale di Ateneo dell&#8217;Universit\u00e0 degli Studi di Napoli L&#8217;Orientale<\/p><\/div><\/div><\/div><div class=\"qodef-e qodef-e-item qodef-gutenberg-column qodef-obverse\"><div class=\"qodef-e-line-holder\"><span class=\"qodef-e-line\"><\/span><div class=\"qodef-e-point-holder\"><div class=\"qodef-e-point\"><\/div><\/div><\/div><div class=\"qodef-e-item-inner\"><div class=\"qodef-e-top-holder\"><div class=\"qodef-e-image\"><img decoding=\"async\" src=\"https:\/\/museoscerrato.unior.it\/wp-content\/uploads\/2024\/12\/no-img.png\" alt=\"\"\/><\/div><\/div><div class=\"qodef-e-content-holder\"><div class=\"qodef-e-date\">2024<\/div><h3 class=\"qodef-e-title\">Donazione Rinaldi<\/h3><\/div><\/div><\/div><div class=\"qodef-e qodef-e-item qodef-gutenberg-column qodef-reverse\"><div class=\"qodef-e-line-holder\"><span class=\"qodef-e-line\"><\/span><div class=\"qodef-e-point-holder\"><div class=\"qodef-e-point\"><\/div><\/div><\/div><div class=\"qodef-e-item-inner\"><div class=\"qodef-e-top-holder\"><div class=\"qodef-e-image\"><img decoding=\"async\" src=\"https:\/\/museoscerrato.unior.it\/wp-content\/uploads\/2024\/12\/no-img.png\" alt=\"\"\/><\/div><\/div><div class=\"qodef-e-content-holder\"><div class=\"qodef-e-date\">2025<\/div><h3 class=\"qodef-e-title\">Riallestimento<\/h3><\/div><\/div><\/div><\/div><\/div><\/div>\n<\/div><\/div>\n<\/div><\/section>\n\n\n\n<section class=\"wp-block-qi-blocks-columns qodef-gutenberg-section qodef--template qodef-block-4f87bf24 qodef-col-num--1 qodef-col-layout--100 qodef-content--boxed\"><div class=\"qodef-section-background-overlay\"><\/div><div class=\"qodef-gutenberg-row\">\n<div class=\"wp-block-qi-blocks-column qodef-gutenberg-column qodef-block-d57d5de0\"><div class=\"qodef-gutenberg-column-inner\">\n<h2 class=\"wp-block-heading\" style=\"margin-top:var(--wp--preset--spacing--60);margin-bottom:var(--wp--preset--spacing--60)\">La nascita del Museo nelle parole dei protagonisti<\/h2>\n<\/div><\/div>\n<\/div><\/section>\n\n\n\n<section class=\"wp-block-qi-blocks-columns qodef-gutenberg-section qodef--template qodef-block-3e4f5bc9 qodef-col-num--1 qodef-col-layout--100 qodef-content--boxed\"><div class=\"qodef-section-background-overlay\"><\/div><div class=\"qodef-gutenberg-row\">\n<div class=\"wp-block-qi-blocks-column qodef-gutenberg-column qodef-block-e5657162\"><div class=\"qodef-gutenberg-column-inner\">\n<h3 class=\"wp-block-heading\" style=\"margin-top:0;margin-bottom:0\">Lucia Caterina<\/h3>\n\n\n\n<p><\/p>\n\n\n\n<h4 class=\"wp-block-heading\" style=\"margin-top:0;margin-bottom:0\"><em>Prima direttrice del Museo&nbsp;<\/em><\/h4>\n\n\n\n<p><\/p>\n\n\n\n<div style=\"height:10px\" aria-hidden=\"true\" class=\"wp-block-spacer\"><\/div>\n\n\n\n<p>L\u2019idea di realizzare un museo didattico presso l\u2019Universit\u00e0 degli Studi di Napoli \u2018L\u2019Orientale\u2019 risale a molti anni fa e si deve a Umberto Scerrato che, a tal fine negli anni \u201970 del Novecento, aveva acquistato sul mercato antiquario ceramiche e metalli islamici relativi all\u2019area iranica. Sempre negli stessi anni erano stati donati da Valeria Fiorani Piacentini settanta frammenti di porcellana cinese provenienti da una raccolta di superficie effettuata a Hormuz sul Golfo Persico. L\u2019allora Istituto Universitario Orientale era gi\u00e0 in possesso di sette stele funerarie egiziane, donate da Paul Balog negli anni \u201960, alle quali si erano aggiunti tre frammenti di stele acquistati, negli anni \u201970, in Afghanistan, a Kabul e Ghazni, da Maurizio Taddei. Troppo a lungo questi materiali sono rimasti ignoti ai pi\u00f9, custoditi nel Seminario di Archeologia Orientale e in quello di Arabistica. Con il trasferimento dei<strong> <\/strong>Dipartimenti di Orientalistica<strong> <\/strong>nella sede di Palazzo Corigliano i reperti orientali venivano conservati nella Biblioteca di Studi Asiatici. In vista dell\u2019apertura del Museo le collezioni si sono arricchite di trentasette sigilli del Vicino Oriente antico, acquistati negli anni \u201960 da Giovanni Garbini ed utilizzati in tutti questi anni come importante materiale didattico. Sono entrati a far parte del Museo frammenti ceramici provenienti da campagne di scavo dell\u2019Orientale negli anni \u201980-\u201990 nel Sudan orientale. Materiali provenienti dall\u2019Eritrea e dall\u2019Etiopia nel 2011 sono stati donati da Lanfranco Ricci. Inoltre, le collezioni si sono arricchite di un piccolo st\u016bpa in miniatura in terra cruda, donato da Giovanni Verardi e di dieci pezzi di porcellana cinese bianca e blu prodotta per il mercato d\u2019esportazione, donati dalla sottoscritta che vengono cos\u00ec ad arricchire ed integrare iconograficamente e cronologicamente l\u2019esistente collezione dei frammenti cinesi recuperati da Hormuz. Infine la vocazione didattica del museo \u00e8 ben rappresentata da quattro plastici raffiguranti architetture sud arabiche e da due raffiguranti monumenti scavati da Umberto Scerrato nel Sistan (Iran), realizzati con grande perizia da Romolo Loreto. Le ceramiche islamiche, che rappresentano il gruppo di oggetti pi\u00f9 numeroso, erano gi\u00e0 state inventariate, catalogate e parzialmente studiate da Giovanna Ventrone Vassallo, utilizzate spesso, nel corso degli anni, come materiali esemplificativi durante le lezioni di Archeologia e storia dell\u2019arte musulmana. I frammenti cinesi erano stati presentati, dalla sottoscritta, ad un convegno tenutosi ad Albisola nel 1974 e hanno avuto una successiva rilettura nel 2003.Uno dei frammenti di una stele del nordovest dell\u2019India \u00e8 stato pubblicato da Maurizio Taddei nel 1973. Come pure sono state pubblicate le stele funerarie egiziane da Giovanni Oman nel 1965 e da Umberto Scerrato nel 1968 e i sigilli da Luigi Cagni (1971), da Stefania Campurra Mazzoni (1972) e da Alessandro de Maigret (1974).&nbsp;<\/p>\n<\/div><\/div>\n<\/div><\/section>\n\n\n\n<hr class=\"wp-block-separator has-alpha-channel-opacity is-style-wide\" style=\"margin-top:var(--wp--preset--spacing--60);margin-bottom:var(--wp--preset--spacing--60)\"\/>\n\n\n\n<section class=\"wp-block-qi-blocks-columns qodef-gutenberg-section qodef--template qodef-block-c35f1135 qodef-col-num--1 qodef-col-layout--100 qodef-content--boxed\"><div class=\"qodef-section-background-overlay\"><\/div><div class=\"qodef-gutenberg-row\">\n<div class=\"wp-block-qi-blocks-column qodef-gutenberg-column qodef-block-4470a3b9\"><div class=\"qodef-gutenberg-column-inner\">\n<h3 class=\"wp-block-heading\" style=\"margin-top:0;margin-bottom:0\">Lida Viganoni<\/h3>\n\n\n\n<p><\/p>\n\n\n\n<h4 class=\"wp-block-heading alignfull\" style=\"margin-top:0;margin-bottom:0\"><em>Rettore dell\u2019Universit\u00e0 degli studi di Napoli \u2018L\u2019Orientale\u2019 (2008-2014)<\/em><\/h4>\n\n\n\n<p><\/p>\n\n\n\n<div style=\"height:10px\" aria-hidden=\"true\" class=\"wp-block-spacer\"><\/div>\n\n\n\n<p>L\u2019apertura del Museo Orientale \u2018Umberto Scerrato\u2019 presso il nostro Ateneo \u00e8 per tutti noi motivo di gioia e di orgoglio. Rendiamo in primo luogo omaggio al professore Scerrato, archeologo e docente dell\u2019Orientale, che, all\u2019inizio degli anni \u201970 del Novecento, ebbe per primo l\u2019idea di realizzare un Museo didattico acquisendo, per questo scopo, ceramiche e metalli di area iranica.<br>Ad Umberto Scerrato va anche il merito di aver creato il Seminario di Archeologia Orientale e di aver sviluppato il settore archeologico con l\u2019istituzione di materie d\u2019insegnamento relative ai vari paesi asiatici. Accanto all\u2019attivit\u00e0 didattica, intensa \u00e8 stata sempre quella archeologica e lo studio dei materiali il cui punto di riferimento \u00e8 stato proprio l\u2019allora Seminario di Archeologia Orientale.<br>Ai materiali di area iranica, che rappresentano il settore pi\u00f9 consistente della collezione, si sono aggiunti, nel tempo, altri reperti di varia origine che hanno contribuito ad arricchire il nucleo originario.<br>Attualmente sono presenti nelle collezioni del Museo stele funerarie egiziane, sigilli del Vicino Oriente antico, frammenti ceramici scavati in Sudan, materiali provenienti dall\u2019Eritrea e dall\u2019Etiopia, sculture dell\u2019India del Nordovest, porcellane cinesi, a testimonianza della variet\u00e0 d\u2019interessi e della generosit\u00e0 di alcuni donatori.&nbsp;<br>La vocazione didattica del Museo Orientale \u00e8 sottolineata anche dalla presenza di sei plastici che documentano le attivit\u00e0 archeologiche del nostro Ateneo in Iran e nello Yemen.&nbsp;<br>Il catalogo d\u00e0 conto di tutto ci\u00f2 illustrando i materiali esposti nel Museo e inserendoli nel loro appropriato ambito storico culturale.&nbsp;<br>Il Museo consentir\u00e0 anche di svolgere un\u2019attivit\u00e0 didattica pi\u00f9 efficace per la possibilit\u00e0 che avranno gli studenti di esaminare da vicino e di toccare con mano materiali inerenti le materie d\u2019insegnamento. A tal fine \u00e8 stato realizzato un Laboratorio didattico che permetter\u00e0 loro la conoscenza dei materiali, l\u2019apprendimento delle diverse tecniche e lo studio comparativo dei reperti archeologici.&nbsp;<br>La realizzazione del Museo si \u00e8 resa possibile grazie alle sollecitazioni convinte e appassionate che ho ricevuto da Lucia Caterina e all\u2019impegno che ella vi ha profuso. Sono inoltre grata a tutti i colleghi dell\u2019Ateneo che hanno affiancato Lucia Caterina in questa impresa, con pari impegno e passione.&nbsp;<\/p>\n<\/div><\/div>\n<\/div><\/section>\n\n\n\n<hr class=\"wp-block-separator has-alpha-channel-opacity is-style-wide\"\/>\n\n\n\n<section class=\"wp-block-qi-blocks-columns qodef-gutenberg-section qodef--template qodef-block-cb2db37f qodef-col-num--1 qodef-col-layout--100 qodef-content--boxed\"><div class=\"qodef-section-background-overlay\"><\/div><div class=\"qodef-gutenberg-row\">\n<div class=\"wp-block-qi-blocks-column qodef-gutenberg-column qodef-block-3e9d71dd\"><div class=\"qodef-gutenberg-column-inner\">\n<h2 class=\"wp-block-heading\">Missioni archeologiche del L&#8217;Orientale<\/h2>\n\n\n\n<iframe loading=\"lazy\" src=\"https:\/\/www.google.com\/maps\/d\/embed?mid=1QdUOD2NwGqUmBZCpD50FJsEGxdXJtsE&#038;ehbc=2E312F\" width=\"100%\" height=\"680\"><\/iframe>\n<\/div><\/div>\n<\/div><\/section>\n","protected":false},"excerpt":{"rendered":"<p>Sistema Museale di Ateneo<\/p>\n","protected":false},"author":1,"featured_media":0,"parent":0,"menu_order":0,"comment_status":"closed","ping_status":"closed","template":"","meta":{"_eb_attr":"","site-sidebar-layout":"default","site-content-layout":"","ast-site-content-layout":"","site-content-style":"default","site-sidebar-style":"default","ast-global-header-display":"","ast-banner-title-visibility":"","ast-main-header-display":"","ast-hfb-above-header-display":"","ast-hfb-below-header-display":"","ast-hfb-mobile-header-display":"","site-post-title":"","ast-breadcrumbs-content":"","ast-featured-img":"","footer-sml-layout":"","ast-disable-related-posts":"","theme-transparent-header-meta":"","adv-header-id-meta":"","stick-header-meta":"","header-above-stick-meta":"","header-main-stick-meta":"","header-below-stick-meta":"","astra-migrate-meta-layouts":"default","ast-page-background-enabled":"default","ast-page-background-meta":{"desktop":{"background-color":"var(--ast-global-color-4)","background-image":"","background-repeat":"repeat","background-position":"center center","background-size":"auto","background-attachment":"scroll","background-type":"","background-media":"","overlay-type":"","overlay-color":"","overlay-opacity":"","overlay-gradient":""},"tablet":{"background-color":"","background-image":"","background-repeat":"repeat","background-position":"center center","background-size":"auto","background-attachment":"scroll","background-type":"","background-media":"","overlay-type":"","overlay-color":"","overlay-opacity":"","overlay-gradient":""},"mobile":{"background-color":"","background-image":"","background-repeat":"repeat","background-position":"center center","background-size":"auto","background-attachment":"scroll","background-type":"","background-media":"","overlay-type":"","overlay-color":"","overlay-opacity":"","overlay-gradient":""}},"ast-content-background-meta":{"desktop":{"background-color":"var(--ast-global-color-5)","background-image":"","background-repeat":"repeat","background-position":"center center","background-size":"auto","background-attachment":"scroll","background-type":"","background-media":"","overlay-type":"","overlay-color":"","overlay-opacity":"","overlay-gradient":""},"tablet":{"background-color":"var(--ast-global-color-5)","background-image":"","background-repeat":"repeat","background-position":"center center","background-size":"auto","background-attachment":"scroll","background-type":"","background-media":"","overlay-type":"","overlay-color":"","overlay-opacity":"","overlay-gradient":""},"mobile":{"background-color":"var(--ast-global-color-5)","background-image":"","background-repeat":"repeat","background-position":"center center","background-size":"auto","background-attachment":"scroll","background-type":"","background-media":"","overlay-type":"","overlay-color":"","overlay-opacity":"","overlay-gradient":""}},"footnotes":""},"class_list":["post-715","page","type-page","status-publish","hentry"],"_links":{"self":[{"href":"https:\/\/museoscerrato.unior.it\/index.php?rest_route=\/wp\/v2\/pages\/715","targetHints":{"allow":["GET"]}}],"collection":[{"href":"https:\/\/museoscerrato.unior.it\/index.php?rest_route=\/wp\/v2\/pages"}],"about":[{"href":"https:\/\/museoscerrato.unior.it\/index.php?rest_route=\/wp\/v2\/types\/page"}],"author":[{"embeddable":true,"href":"https:\/\/museoscerrato.unior.it\/index.php?rest_route=\/wp\/v2\/users\/1"}],"replies":[{"embeddable":true,"href":"https:\/\/museoscerrato.unior.it\/index.php?rest_route=%2Fwp%2Fv2%2Fcomments&post=715"}],"version-history":[{"count":80,"href":"https:\/\/museoscerrato.unior.it\/index.php?rest_route=\/wp\/v2\/pages\/715\/revisions"}],"predecessor-version":[{"id":2108,"href":"https:\/\/museoscerrato.unior.it\/index.php?rest_route=\/wp\/v2\/pages\/715\/revisions\/2108"}],"wp:attachment":[{"href":"https:\/\/museoscerrato.unior.it\/index.php?rest_route=%2Fwp%2Fv2%2Fmedia&parent=715"}],"curies":[{"name":"wp","href":"https:\/\/api.w.org\/{rel}","templated":true}]}}