{"id":1682,"date":"2025-07-14T11:51:31","date_gmt":"2025-07-14T09:51:31","guid":{"rendered":"https:\/\/museoscerrato.unior.it\/?page_id=1682"},"modified":"2026-04-02T19:43:49","modified_gmt":"2026-04-02T17:43:49","slug":"corsi-universitari","status":"publish","type":"page","link":"https:\/\/museoscerrato.unior.it\/?page_id=1682","title":{"rendered":"Corsi universitari"},"content":{"rendered":"\n<section class=\"wp-block-qi-blocks-columns qodef-gutenberg-section qodef--template qodef-block-7bbf6f52 qodef-col-num--1 qodef-col-layout--100 qodef-content--full-width\"><div class=\"qodef-section-background-overlay\"><\/div><div class=\"qodef-gutenberg-row\">\n<div class=\"wp-block-qi-blocks-column qodef-gutenberg-column qodef-block-8df37eff\"><div class=\"qodef-gutenberg-column-inner\">\n<h1 class=\"wp-block-heading has-ast-global-color-0-color has-text-color has-link-color wp-elements-9606a93482f415419c4f94be50ffa10b\" id=\"corsi\">Corsi universitari<\/h1>\n\n\n\n<p>anno accademico<\/p>\n<\/div><\/div>\n<\/div><\/section>\n\n\n\n<div class=\"wp-block-essential-blocks-accordion  root-eb-accordion-8mfgg\"><div class=\"eb-parent-wrapper eb-parent-eb-accordion-8mfgg \"><div class=\"eb-accordion-container eb-accordion-8mfgg\" data-accordion-type=\"accordion\" data-tab-icon=\"dashicons-plus-alt2\" data-expanded-icon=\"dashicons-minus\" data-transition-duration=\"500\"><div class=\"eb-accordion-inner\">\n<div class=\"wp-block-essential-blocks-accordion-item eb-accordion-item-vq9p0 eb-accordion-wrapper\" data-clickable=\"false\"><div class=\"eb-accordion-title-wrapper eb-accordion-title-wrapper-eb-accordion-8mfgg\" tabindex=\"0\"><span class=\"eb-accordion-icon-wrapper eb-accordion-icon-wrapper-eb-accordion-8mfgg\"><span class=\"dashicon dashicons dashicons-plus-alt2 eb-accordion-icon\"><\/span><\/span><div class=\"eb-accordion-title-content-wrap title-content-eb-accordion-8mfgg\"><h2 class=\"eb-accordion-title\">2025\/2026<\/h2><\/div><\/div><div class=\"eb-accordion-content-wrapper eb-accordion-content-wrapper-eb-accordion-8mfgg\"><div class=\"eb-accordion-content\"><\/div><\/div><\/div>\n\n\n\n<div class=\"wp-block-essential-blocks-accordion-item eb-accordion-item-7l607 eb-accordion-wrapper\" data-clickable=\"false\"><div class=\"eb-accordion-title-wrapper eb-accordion-title-wrapper-eb-accordion-8mfgg\" tabindex=\"0\"><span class=\"eb-accordion-icon-wrapper eb-accordion-icon-wrapper-eb-accordion-8mfgg\"><span class=\"dashicon dashicons dashicons-plus-alt2 eb-accordion-icon\"><\/span><\/span><div class=\"eb-accordion-title-content-wrap title-content-eb-accordion-8mfgg\"><h2 class=\"eb-accordion-title\">2024\/2025<\/h2><\/div><\/div><div class=\"eb-accordion-content-wrapper eb-accordion-content-wrapper-eb-accordion-8mfgg\"><div class=\"eb-accordion-content\"><\/div><\/div><\/div>\n\n\n\n<div class=\"wp-block-essential-blocks-accordion-item eb-accordion-item-8ho3d eb-accordion-wrapper\" data-clickable=\"false\"><div class=\"eb-accordion-title-wrapper eb-accordion-title-wrapper-eb-accordion-8mfgg\" tabindex=\"0\"><span class=\"eb-accordion-icon-wrapper eb-accordion-icon-wrapper-eb-accordion-8mfgg\"><span class=\"dashicon dashicons dashicons-plus-alt2 eb-accordion-icon\"><\/span><\/span><div class=\"eb-accordion-title-content-wrap title-content-eb-accordion-8mfgg\"><h2 class=\"eb-accordion-title\">2023\/2024<\/h2><\/div><\/div><div class=\"eb-accordion-content-wrapper eb-accordion-content-wrapper-eb-accordion-8mfgg\"><div class=\"eb-accordion-content\"><\/div><\/div><\/div>\n\n\n\n<div class=\"wp-block-essential-blocks-accordion-item eb-accordion-item-7mjus eb-accordion-wrapper\" data-clickable=\"false\"><div class=\"eb-accordion-title-wrapper eb-accordion-title-wrapper-eb-accordion-8mfgg\" tabindex=\"0\"><span class=\"eb-accordion-icon-wrapper eb-accordion-icon-wrapper-eb-accordion-8mfgg\"><span class=\"dashicon dashicons dashicons-plus-alt2 eb-accordion-icon\"><\/span><\/span><div class=\"eb-accordion-title-content-wrap title-content-eb-accordion-8mfgg\"><h2 class=\"eb-accordion-title\">2022\/2023<\/h2><\/div><\/div><div class=\"eb-accordion-content-wrapper eb-accordion-content-wrapper-eb-accordion-8mfgg\"><div class=\"eb-accordion-content\"><\/div><\/div><\/div>\n\n\n\n<div class=\"wp-block-essential-blocks-accordion-item eb-accordion-item-x98mn eb-accordion-wrapper\" data-clickable=\"false\"><div class=\"eb-accordion-title-wrapper eb-accordion-title-wrapper-eb-accordion-8mfgg\" tabindex=\"0\"><span class=\"eb-accordion-icon-wrapper eb-accordion-icon-wrapper-eb-accordion-8mfgg\"><span class=\"dashicon dashicons dashicons-plus-alt2 eb-accordion-icon\"><\/span><\/span><div class=\"eb-accordion-title-content-wrap title-content-eb-accordion-8mfgg\"><h2 class=\"eb-accordion-title\">2021\/2022<\/h2><\/div><\/div><div class=\"eb-accordion-content-wrapper eb-accordion-content-wrapper-eb-accordion-8mfgg\"><div class=\"eb-accordion-content\"><\/div><\/div><\/div>\n\n\n\n<div class=\"wp-block-essential-blocks-accordion-item eb-accordion-item-d93kq eb-accordion-wrapper\" data-clickable=\"false\"><div class=\"eb-accordion-title-wrapper eb-accordion-title-wrapper-eb-accordion-8mfgg\" tabindex=\"0\"><span class=\"eb-accordion-icon-wrapper eb-accordion-icon-wrapper-eb-accordion-8mfgg\"><span class=\"dashicon dashicons dashicons-plus-alt2 eb-accordion-icon\"><\/span><\/span><div class=\"eb-accordion-title-content-wrap title-content-eb-accordion-8mfgg\"><h2 class=\"eb-accordion-title\">2020\/2021<\/h2><\/div><\/div><div class=\"eb-accordion-content-wrapper eb-accordion-content-wrapper-eb-accordion-8mfgg\"><div class=\"eb-accordion-content\">\n<p><strong>Archeologia e storia dell&#8217;arte musulmana (triennio, lezione di chiusura corso)<\/strong>&nbsp;<br><em>Docente<\/em>: Roberta Giunta&nbsp;<br><em>Quando<\/em>: Fine del primo semestre 2020-2021&nbsp;<br><em>Durata<\/em>: 2 ore &#8211; DAD &#8211; Didattica a distanza<\/p>\n\n\n\n<div style=\"height:20px\" aria-hidden=\"true\" class=\"wp-block-spacer\"><\/div>\n\n\n\n<p><strong>Epigrafia islamica (magistrale)<\/strong>&nbsp;<br><em>Docente<\/em>: Roberta Giunta&nbsp;<br><em>Quando<\/em>: Secondo semestre 2020-2021&nbsp;<br><em>Durata<\/em>: 2 ore &#8211; DAD &#8211; Didattica a distanza&nbsp;<\/p>\n\n\n\n<div style=\"height:20px\" aria-hidden=\"true\" class=\"wp-block-spacer\"><\/div>\n\n\n\n<p><strong>Archeologia e storia dell\u2019arte della Cina e del Giappone (magistrale, lezione sulla pittura cinese su rotolo)<\/strong>&nbsp;<br><em>Docente<\/em>: Chiara Visconti&nbsp;<br><em>Quando<\/em>: Primo semestre 2020-2021&nbsp;<br><em>Durata<\/em>: 2 ore &#8211; DAD &#8211; Didattica a distanza&nbsp;<\/p>\n\n\n\n<div style=\"height:20px\" aria-hidden=\"true\" class=\"wp-block-spacer\"><\/div>\n\n\n\n<p><strong>Antichit\u00e0 nubiane (magistrale)<\/strong>&nbsp;<\/p>\n\n\n\n<div style=\"height:20px\" aria-hidden=\"true\" class=\"wp-block-spacer\"><\/div>\n\n\n\n<p><em>Docente<\/em>: Andrea Manzo&nbsp;<br><em>Quando<\/em>: Secondo semestre 2020-2021&nbsp;<br><em>Durata<\/em>: 6 ore &#8211; DAD &#8211; Didattica a distanza&nbsp;<\/p>\n<\/div><\/div><\/div>\n\n\n\n<div class=\"wp-block-essential-blocks-accordion-item eb-accordion-item-ytq2n eb-accordion-wrapper\" data-clickable=\"false\"><div class=\"eb-accordion-title-wrapper eb-accordion-title-wrapper-eb-accordion-8mfgg\" tabindex=\"0\"><span class=\"eb-accordion-icon-wrapper eb-accordion-icon-wrapper-eb-accordion-8mfgg\"><span class=\"dashicon dashicons dashicons-plus-alt2 eb-accordion-icon\"><\/span><\/span><div class=\"eb-accordion-title-content-wrap title-content-eb-accordion-8mfgg\"><h2 class=\"eb-accordion-title\">2019\/2020<\/h2><\/div><\/div><div class=\"eb-accordion-content-wrapper eb-accordion-content-wrapper-eb-accordion-8mfgg\"><div class=\"eb-accordion-content\">\n<p><strong>Archeologia e storia dell&#8217;arte musulmana (triennio, lezione di chiusura corso)<\/strong>&nbsp;<br><em>Docente<\/em>: Roberta Giunta&nbsp;<br><em>Quando<\/em>: Fine del primo semestre 2019-2020&nbsp;<br><em>Durata<\/em>: 2 ore&nbsp;<\/p>\n\n\n\n<div style=\"height:20px\" aria-hidden=\"true\" class=\"wp-block-spacer\"><\/div>\n\n\n\n<p><strong>Epigrafia islamica (magistrale)<\/strong>&nbsp;<br><em>Docente<\/em>: Roberta Giunta&nbsp;<br><em>Quando<\/em>: Secondo semestre 2019-2020&nbsp;<br><em>Durata<\/em>: 2 ore &#8211; DAD &#8211; Didattica a distanza&nbsp;<\/p>\n\n\n\n<div style=\"height:20px\" aria-hidden=\"true\" class=\"wp-block-spacer\"><\/div>\n\n\n\n<p><strong>Archeologia e storia dell\u2019arte della Cina e del Giappone (magistrale, lezione sulla pittura cinese su rotolo)<\/strong>&nbsp;<br><em>Docente<\/em>: Chiara Visconti&nbsp;<br><em>Quando<\/em>: Primo semestre 2019-2020&nbsp;<br><em>Durata<\/em>: 2 ore&nbsp;<\/p>\n\n\n\n<div style=\"height:20px\" aria-hidden=\"true\" class=\"wp-block-spacer\"><\/div>\n\n\n\n<p><strong>Antichit\u00e0 nubiane (magistrale)<\/strong>&nbsp;<\/p>\n\n\n\n<div style=\"height:20px\" aria-hidden=\"true\" class=\"wp-block-spacer\"><\/div>\n\n\n\n<p><em>Docente<\/em>: Andrea Manzo&nbsp;<br><em>Quando<\/em>: Secondo semestre 2019-2020&nbsp;<br><em>Durata<\/em>: 6 ore&nbsp; &#8211; DAD &#8211; Didattica a distanza<\/p>\n<\/div><\/div><\/div>\n\n\n\n<div class=\"wp-block-essential-blocks-accordion-item eb-accordion-item-wl1uy eb-accordion-wrapper\" data-clickable=\"false\"><div class=\"eb-accordion-title-wrapper eb-accordion-title-wrapper-eb-accordion-8mfgg\" tabindex=\"0\"><span class=\"eb-accordion-icon-wrapper eb-accordion-icon-wrapper-eb-accordion-8mfgg\"><span class=\"dashicon dashicons dashicons-plus-alt2 eb-accordion-icon\"><\/span><\/span><div class=\"eb-accordion-title-content-wrap title-content-eb-accordion-8mfgg\"><h2 class=\"eb-accordion-title\">2018\/2019<\/h2><\/div><\/div><div class=\"eb-accordion-content-wrapper eb-accordion-content-wrapper-eb-accordion-8mfgg\"><div class=\"eb-accordion-content\">\n<p><strong>Archeologia e storia dell&#8217;arte musulmana (triennio, lezione di chiusura corso)<\/strong>&nbsp;<br><em>Docente<\/em>: Roberta Giunta&nbsp;<br><em>Quando<\/em>: Fine del primo semestre 2018-2019&nbsp;<br><em>Durata<\/em>: 2 ore&nbsp;<\/p>\n\n\n\n<div style=\"height:20px\" aria-hidden=\"true\" class=\"wp-block-spacer\"><\/div>\n\n\n\n<p><strong>Epigrafia islamica (magistrale)<\/strong>&nbsp;<br><em>Docente<\/em>: Roberta Giunta&nbsp;<br><em>Quando<\/em>: Secondo semestre 2018-2019&nbsp;<br><em>Durata<\/em>: 2 ore&nbsp;<\/p>\n\n\n\n<div style=\"height:20px\" aria-hidden=\"true\" class=\"wp-block-spacer\"><\/div>\n\n\n\n<p><strong>Archeologia e storia dell\u2019arte della Cina e del Giappone (magistrale, lezione sulla pittura cinese su rotolo)<\/strong>&nbsp;<br><em>Docente<\/em>: Chiara Visconti&nbsp;<br><em>Quando<\/em>: Primo semestre 2018-2019&nbsp;<br><em>Durata<\/em>: 2 ore&nbsp;<\/p>\n\n\n\n<div style=\"height:20px\" aria-hidden=\"true\" class=\"wp-block-spacer\"><\/div>\n\n\n\n<p><strong>Antichit\u00e0 nubiane (magistrale)<\/strong>&nbsp;<\/p>\n\n\n\n<p><em>Docente<\/em>: Andrea Manzo&nbsp;<br><em>Quando<\/em>: Secondo semestre 2018-2019&nbsp;<br><em>Durata<\/em>: 6 ore<\/p>\n<\/div><\/div><\/div>\n\n\n\n<div class=\"wp-block-essential-blocks-accordion-item eb-accordion-item-2yz93 eb-accordion-wrapper\" data-clickable=\"false\"><div class=\"eb-accordion-title-wrapper eb-accordion-title-wrapper-eb-accordion-8mfgg\" tabindex=\"0\"><span class=\"eb-accordion-icon-wrapper eb-accordion-icon-wrapper-eb-accordion-8mfgg\"><span class=\"dashicon dashicons dashicons-plus-alt2 eb-accordion-icon\"><\/span><\/span><div class=\"eb-accordion-title-content-wrap title-content-eb-accordion-8mfgg\"><h2 class=\"eb-accordion-title\">2017\/2018<\/h2><\/div><\/div><div class=\"eb-accordion-content-wrapper eb-accordion-content-wrapper-eb-accordion-8mfgg\"><div class=\"eb-accordion-content\">\n<p><strong>Archeologia e storia dell&#8217;arte musulmana (triennio, lezione di chiusura corso)<\/strong>&nbsp;<br><em>Docente<\/em>: Roberta Giunta&nbsp;<br><em>Quando<\/em>: Fine del primo semestre 2017-2018&nbsp;<br><em>Durata<\/em>: 2 ore&nbsp;<\/p>\n\n\n\n<div style=\"height:20px\" aria-hidden=\"true\" class=\"wp-block-spacer\"><\/div>\n\n\n\n<p><strong>Epigrafia islamica (magistrale)<\/strong>&nbsp;<br><em>Docente<\/em>: Roberta Giunta&nbsp;<br><em>Quando<\/em>: Secondo semestre 2017-2018&nbsp;<br><em>Durata<\/em>: 2 ore&nbsp;<\/p>\n\n\n\n<p><strong>Archeologia e storia dell\u2019arte della Cina e del Giappone (magistrale, lezione sulla pittura cinese su rotolo)<\/strong>&nbsp;<br><em>Docente<\/em>: Chiara Visconti&nbsp;<br><em>Quando<\/em>: Primo semestre 2017-2018&nbsp;<br><em>Durata<\/em>: 2 ore&nbsp;<\/p>\n\n\n\n<div style=\"height:20px\" aria-hidden=\"true\" class=\"wp-block-spacer\"><\/div>\n\n\n\n<p><strong>Antichit\u00e0 nubiane (magistrale)<\/strong>&nbsp;<\/p>\n\n\n\n<p><em>Docente<\/em>: Andrea Manzo&nbsp;<br><em>Quando<\/em>: Secondo semestre 2017-2018&nbsp;<br><em>Durata<\/em>: 6 ore&nbsp;<\/p>\n\n\n\n<div style=\"height:20px\" aria-hidden=\"true\" class=\"wp-block-spacer\"><\/div>\n\n\n\n<p><strong>Archeologia della Valle del Nilo (triennale)<\/strong>&nbsp;<\/p>\n\n\n\n<p><em>Docente<\/em>: Andrea Manzo&nbsp;<br><em>Quando<\/em>: Secondo semestre 2017-2018&nbsp;<br><em>Durata<\/em>: 6 ore<\/p>\n<\/div><\/div><\/div>\n\n\n\n<div class=\"wp-block-essential-blocks-accordion-item eb-accordion-item-r78ya eb-accordion-wrapper\" data-clickable=\"false\"><div class=\"eb-accordion-title-wrapper eb-accordion-title-wrapper-eb-accordion-8mfgg\" tabindex=\"0\"><span class=\"eb-accordion-icon-wrapper eb-accordion-icon-wrapper-eb-accordion-8mfgg\"><span class=\"dashicon dashicons dashicons-plus-alt2 eb-accordion-icon\"><\/span><\/span><div class=\"eb-accordion-title-content-wrap title-content-eb-accordion-8mfgg\"><h2 class=\"eb-accordion-title\">2016\/2017<\/h2><\/div><\/div><div class=\"eb-accordion-content-wrapper eb-accordion-content-wrapper-eb-accordion-8mfgg\"><div class=\"eb-accordion-content\">\n<p><strong>Archeologia e storia dell\u2019arte della Cina e del Giappone (magistrale, lezione sulla pittura cinese su rotolo)<\/strong>&nbsp;<br><em>Docente<\/em>: Chiara Visconti&nbsp;<br><em>Quando<\/em>: Primo semestre 2016-2017&nbsp;<br><em>Durata<\/em>: 2 ore (gioved\u00ec \u202f03\/11\/2016, ore 10.30)&nbsp;<\/p>\n\n\n\n<div style=\"height:20px\" aria-hidden=\"true\" class=\"wp-block-spacer\"><\/div>\n\n\n\n<p><strong>Archeologia e storia dell\u2019arte della Cina e del Giappone (magistrale, lezione sulla pittura cinese su rotolo)<\/strong>&nbsp;<br><em>Docente<\/em>: Chiara Visconti&nbsp;<br><em>Quando<\/em>: Primo semestre 2016-2017&nbsp;<br><em>Durata<\/em>: 2 ore (venerd\u00ec 28\/10\/2016, ore 10.30)&nbsp;<\/p>\n\n\n\n<div style=\"height:20px\" aria-hidden=\"true\" class=\"wp-block-spacer\"><\/div>\n\n\n\n<p><strong>Archeologia e storia dell&#8217;arte musulmana (triennio, lezione di chiusura corso)<\/strong>&nbsp;<br><em>Docente<\/em>: Roberta Giunta&nbsp;<br><em>Quando<\/em>: Fine del primo semestre 2016-2017&nbsp;<br><em>Durata<\/em>: 2 ore&nbsp;<\/p>\n\n\n\n<div style=\"height:20px\" aria-hidden=\"true\" class=\"wp-block-spacer\"><\/div>\n\n\n\n<p><strong>Epigrafia islamica (magistrale)<\/strong>&nbsp;<br><em>Docente<\/em>: Roberta Giunta&nbsp;<br><em>Quando<\/em>: Secondo semestre 2016-2017&nbsp;<br><em>Durata<\/em>: 2 ore&nbsp;<\/p>\n\n\n\n<div style=\"height:20px\" aria-hidden=\"true\" class=\"wp-block-spacer\"><\/div>\n\n\n\n<p><strong>Antichit\u00e0 nubiane (magistrale)<\/strong>&nbsp;<\/p>\n\n\n\n<p><em>Docente<\/em>: Andrea Manzo&nbsp;<br><em>Quando<\/em>: Secondo semestre 2016-2017&nbsp;<br><em>Durata<\/em>: 6 ore<\/p>\n<\/div><\/div><\/div>\n\n\n\n<div class=\"wp-block-essential-blocks-accordion-item eb-accordion-item-n6siv eb-accordion-wrapper\" data-clickable=\"false\"><div class=\"eb-accordion-title-wrapper eb-accordion-title-wrapper-eb-accordion-8mfgg\" tabindex=\"0\"><span class=\"eb-accordion-icon-wrapper eb-accordion-icon-wrapper-eb-accordion-8mfgg\"><span class=\"dashicon dashicons dashicons-plus-alt2 eb-accordion-icon\"><\/span><\/span><div class=\"eb-accordion-title-content-wrap title-content-eb-accordion-8mfgg\"><h2 class=\"eb-accordion-title\">2015\/2016<\/h2><\/div><\/div><div class=\"eb-accordion-content-wrapper eb-accordion-content-wrapper-eb-accordion-8mfgg\"><div class=\"eb-accordion-content\">\n<p><strong>Archeologia e storia dell&#8217;arte musulmana (triennio, lezione di chiusura corso)<\/strong>&nbsp;<br><em>Docente<\/em>: Roberta Giunta&nbsp;<br><em>Quando<\/em>: Fine del primo semestre 2015-2016&nbsp;<br><em>Durata<\/em>: 2 ore&nbsp;<\/p>\n\n\n\n<div style=\"height:20px\" aria-hidden=\"true\" class=\"wp-block-spacer\"><\/div>\n\n\n\n<p><strong>Epigrafia islamica (magistrale)<\/strong>&nbsp;<br><em>Docente<\/em>: Roberta Giunta&nbsp;<br><em>Quando<\/em>: Secondo semestre 2015-2016&nbsp;<br><em>Durata<\/em>: 2 ore&nbsp;<\/p>\n\n\n\n<div style=\"height:20px\" aria-hidden=\"true\" class=\"wp-block-spacer\"><\/div>\n\n\n\n<p><strong>Archeologia e storia dell\u2019arte della Cina e del Giappone (magistrale, lezione sulla pittura cinese su rotolo)<\/strong>&nbsp;<br><em>Docente<\/em>: Chiara Visconti&nbsp;<br><em>Quando<\/em>: Primo semestre 2015-2016&nbsp;<br><em>Durata<\/em>: 2 ore&nbsp;<\/p>\n\n\n\n<div style=\"height:20px\" aria-hidden=\"true\" class=\"wp-block-spacer\"><\/div>\n\n\n\n<p><strong>Antichit\u00e0 nubiane (magistrale)<\/strong>&nbsp;<\/p>\n\n\n\n<p><em>Docente<\/em>: Andrea Manzo&nbsp;<br><em>Quando<\/em>: Secondo semestre 2015-2016&nbsp;<br><em>Durata<\/em>: 6 ore<\/p>\n<\/div><\/div><\/div>\n\n\n\n<div class=\"wp-block-essential-blocks-accordion-item eb-accordion-item-v0i7v eb-accordion-wrapper\" data-clickable=\"false\"><div class=\"eb-accordion-title-wrapper eb-accordion-title-wrapper-eb-accordion-8mfgg\" tabindex=\"0\"><span class=\"eb-accordion-icon-wrapper eb-accordion-icon-wrapper-eb-accordion-8mfgg\"><span class=\"dashicon dashicons dashicons-plus-alt2 eb-accordion-icon\"><\/span><\/span><div class=\"eb-accordion-title-content-wrap title-content-eb-accordion-8mfgg\"><h2 class=\"eb-accordion-title\">2014\/2015<\/h2><\/div><\/div><div class=\"eb-accordion-content-wrapper eb-accordion-content-wrapper-eb-accordion-8mfgg\"><div class=\"eb-accordion-content\">\n<p><strong>Archeologia e storia dell&#8217;arte musulmana (triennio, lezione di chiusura corso)<\/strong>&nbsp;<br><em>Docente<\/em>: Roberta Giunta&nbsp;<br><em>Quando<\/em>: Fine del primo semestre 2014-2015&nbsp;<br><em>Durata<\/em>: 2 ore&nbsp;<\/p>\n\n\n\n<div style=\"height:20px\" aria-hidden=\"true\" class=\"wp-block-spacer\"><\/div>\n\n\n\n<p><strong>Epigrafia islamica (magistrale)<\/strong>&nbsp;<br><em>Docente<\/em>: Roberta Giunta&nbsp;<br><em>Quando<\/em>: Secondo semestre 2014\/2015&nbsp;<br><em>Durata<\/em>: 2 ore&nbsp;<\/p>\n\n\n\n<div style=\"height:20px\" aria-hidden=\"true\" class=\"wp-block-spacer\"><\/div>\n\n\n\n<p><strong>Archeologia e storia dell\u2019arte della Cina e del Giappone (magistrale, lezione sulla pittura cinese su rotolo)<\/strong>&nbsp;<br><em>Docente<\/em>: Chiara Visconti&nbsp;<br><em>Quando<\/em>: Primo semestre 2014-2015&nbsp;<br><em>Durata<\/em>: 2 ore&nbsp;<\/p>\n\n\n\n<div style=\"height:20px\" aria-hidden=\"true\" class=\"wp-block-spacer\"><\/div>\n\n\n\n<p><strong>Antichit\u00e0 nubiane (magistrale)<\/strong>&nbsp;<\/p>\n\n\n\n<p><em>Docente<\/em>: Andrea Manzo&nbsp;<br><em>Quando<\/em>: Secondo semestre 2014\/2015&nbsp;<br><em>Durata<\/em>: 6 ore<\/p>\n<\/div><\/div><\/div>\n\n\n\n<div class=\"wp-block-essential-blocks-accordion-item eb-accordion-item-mnk7o eb-accordion-wrapper\" data-clickable=\"false\"><div class=\"eb-accordion-title-wrapper eb-accordion-title-wrapper-eb-accordion-8mfgg\" tabindex=\"0\"><span class=\"eb-accordion-icon-wrapper eb-accordion-icon-wrapper-eb-accordion-8mfgg\"><span class=\"dashicon dashicons dashicons-plus-alt2 eb-accordion-icon\"><\/span><\/span><div class=\"eb-accordion-title-content-wrap title-content-eb-accordion-8mfgg\"><h2 class=\"eb-accordion-title\">2013\/2014<\/h2><\/div><\/div><div class=\"eb-accordion-content-wrapper eb-accordion-content-wrapper-eb-accordion-8mfgg\"><div class=\"eb-accordion-content\">\n<p><strong>Archeologia e storia dell&#8217;arte musulmana (triennio, lezione di chiusura corso)<\/strong>&nbsp;<br><em>Docente<\/em>: Roberta Giunta&nbsp;<br><em>Quando<\/em>: Fine del primo semestre 2013-2014&nbsp;<br><em>Durata<\/em>: 4 ore (luned\u00ec 21\/01\/2013, ore 14,00)&nbsp;<\/p>\n\n\n\n<div style=\"height:20px\" aria-hidden=\"true\" class=\"wp-block-spacer\"><\/div>\n\n\n\n<p><strong>Epigrafia islamica (magistrale)<\/strong>&nbsp;<br><em>Docente<\/em>: Roberta Giunta&nbsp;<br><em>Quando<\/em>: Secondo semestre 2013-2014&nbsp;<br><em>Durata<\/em>: 34 ore (luned\u00ec: 13:00-15:00 e marted\u00ec: 12:00-14:00)<\/p>\n<\/div><\/div><\/div>\n\n\n\n<div class=\"wp-block-essential-blocks-accordion-item eb-accordion-item-5wknd eb-accordion-wrapper\" data-clickable=\"false\"><div class=\"eb-accordion-title-wrapper eb-accordion-title-wrapper-eb-accordion-8mfgg\" tabindex=\"0\"><span class=\"eb-accordion-icon-wrapper eb-accordion-icon-wrapper-eb-accordion-8mfgg\"><span class=\"dashicon dashicons dashicons-plus-alt2 eb-accordion-icon\"><\/span><\/span><div class=\"eb-accordion-title-content-wrap title-content-eb-accordion-8mfgg\"><h2 class=\"eb-accordion-title\">2012\/2013<\/h2><\/div><\/div><div class=\"eb-accordion-content-wrapper eb-accordion-content-wrapper-eb-accordion-8mfgg\"><div class=\"eb-accordion-content\">\n<p><strong>Archeologia e storia dell&#8217;arte musulmana (triennio, lezione di chiusura corso)<\/strong>&nbsp;<br><em>Docente<\/em>: Roberta Giunta&nbsp;<br><em>Quando<\/em>: Fine del primo semestre 2012-2013&nbsp;<br><em>Durata<\/em>: 4 ore (luned\u00ec 21\/01\/2013, ore 14,00)&nbsp;<\/p>\n\n\n\n<div style=\"height:20px\" aria-hidden=\"true\" class=\"wp-block-spacer\"><\/div>\n\n\n\n<p><strong>Epigrafia islamica<\/strong>&nbsp;<br><em>Docente<\/em>: Roberta Giunta&nbsp;<br><em>Quando<\/em>: Secondo semestre 2013&nbsp;<br><em>Durata<\/em>: 34 ore (luned\u00ec: 13:00-15:00 e marted\u00ec: 12:00-14:00)&nbsp;<br>Il corso \u00e8 destinato agli studenti di laurea magistrale<\/p>\n<\/div><\/div><\/div>\n<\/div><\/div><\/div><\/div>\n","protected":false},"excerpt":{"rendered":"","protected":false},"author":1,"featured_media":0,"parent":761,"menu_order":0,"comment_status":"closed","ping_status":"closed","template":"essential-blocks-fullwidth-template.php","meta":{"_eb_attr":"","site-sidebar-layout":"default","site-content-layout":"","ast-site-content-layout":"","site-content-style":"default","site-sidebar-style":"default","ast-global-header-display":"","ast-banner-title-visibility":"","ast-main-header-display":"","ast-hfb-above-header-display":"","ast-hfb-below-header-display":"","ast-hfb-mobile-header-display":"","site-post-title":"","ast-breadcrumbs-content":"","ast-featured-img":"","footer-sml-layout":"","ast-disable-related-posts":"","theme-transparent-header-meta":"","adv-header-id-meta":"","stick-header-meta":"","header-above-stick-meta":"","header-main-stick-meta":"","header-below-stick-meta":"","astra-migrate-meta-layouts":"default","ast-page-background-enabled":"default","ast-page-background-meta":{"desktop":{"background-color":"var(--ast-global-color-4)","background-image":"","background-repeat":"repeat","background-position":"center center","background-size":"auto","background-attachment":"scroll","background-type":"","background-media":"","overlay-type":"","overlay-color":"","overlay-opacity":"","overlay-gradient":""},"tablet":{"background-color":"","background-image":"","background-repeat":"repeat","background-position":"center center","background-size":"auto","background-attachment":"scroll","background-type":"","background-media":"","overlay-type":"","overlay-color":"","overlay-opacity":"","overlay-gradient":""},"mobile":{"background-color":"","background-image":"","background-repeat":"repeat","background-position":"center center","background-size":"auto","background-attachment":"scroll","background-type":"","background-media":"","overlay-type":"","overlay-color":"","overlay-opacity":"","overlay-gradient":""}},"ast-content-background-meta":{"desktop":{"background-color":"var(--ast-global-color-5)","background-image":"","background-repeat":"repeat","background-position":"center center","background-size":"auto","background-attachment":"scroll","background-type":"","background-media":"","overlay-type":"","overlay-color":"","overlay-opacity":"","overlay-gradient":""},"tablet":{"background-color":"var(--ast-global-color-5)","background-image":"","background-repeat":"repeat","background-position":"center center","background-size":"auto","background-attachment":"scroll","background-type":"","background-media":"","overlay-type":"","overlay-color":"","overlay-opacity":"","overlay-gradient":""},"mobile":{"background-color":"var(--ast-global-color-5)","background-image":"","background-repeat":"repeat","background-position":"center center","background-size":"auto","background-attachment":"scroll","background-type":"","background-media":"","overlay-type":"","overlay-color":"","overlay-opacity":"","overlay-gradient":""}},"footnotes":""},"class_list":["post-1682","page","type-page","status-publish","hentry"],"_links":{"self":[{"href":"https:\/\/museoscerrato.unior.it\/index.php?rest_route=\/wp\/v2\/pages\/1682","targetHints":{"allow":["GET"]}}],"collection":[{"href":"https:\/\/museoscerrato.unior.it\/index.php?rest_route=\/wp\/v2\/pages"}],"about":[{"href":"https:\/\/museoscerrato.unior.it\/index.php?rest_route=\/wp\/v2\/types\/page"}],"author":[{"embeddable":true,"href":"https:\/\/museoscerrato.unior.it\/index.php?rest_route=\/wp\/v2\/users\/1"}],"replies":[{"embeddable":true,"href":"https:\/\/museoscerrato.unior.it\/index.php?rest_route=%2Fwp%2Fv2%2Fcomments&post=1682"}],"version-history":[{"count":7,"href":"https:\/\/museoscerrato.unior.it\/index.php?rest_route=\/wp\/v2\/pages\/1682\/revisions"}],"predecessor-version":[{"id":2619,"href":"https:\/\/museoscerrato.unior.it\/index.php?rest_route=\/wp\/v2\/pages\/1682\/revisions\/2619"}],"up":[{"embeddable":true,"href":"https:\/\/museoscerrato.unior.it\/index.php?rest_route=\/wp\/v2\/pages\/761"}],"wp:attachment":[{"href":"https:\/\/museoscerrato.unior.it\/index.php?rest_route=%2Fwp%2Fv2%2Fmedia&parent=1682"}],"curies":[{"name":"wp","href":"https:\/\/api.w.org\/{rel}","templated":true}]}}