{"id":1643,"date":"2025-07-14T10:39:40","date_gmt":"2025-07-14T08:39:40","guid":{"rendered":"https:\/\/museoscerrato.unior.it\/?page_id=1643"},"modified":"2026-04-02T19:48:22","modified_gmt":"2026-04-02T17:48:22","slug":"le-sezioni-del-museo-della-societa-africana-ditalia","status":"publish","type":"page","link":"https:\/\/museoscerrato.unior.it\/?page_id=1643","title":{"rendered":"Museo della Societ\u00e0 Africana d&#8217;Italia"},"content":{"rendered":"\n<section class=\"wp-block-qi-blocks-columns qodef-gutenberg-section qodef--template qodef-block-e82fae46 qodef-col-num--1 qodef-col-layout--100 qodef-content--full-width\"><div class=\"qodef-section-background-overlay\"><\/div><div class=\"qodef-gutenberg-row\">\n<div class=\"wp-block-qi-blocks-column qodef-gutenberg-column qodef-block-8b24f041\"><div class=\"qodef-gutenberg-column-inner\">\n<h1 class=\"wp-block-heading\">Museo della Societ\u00e0 Africana d&#8217;Italia<\/h1>\n<\/div><\/div>\n<\/div><\/section>\n\n\n\n<section class=\"wp-block-qi-blocks-columns qodef-gutenberg-section qodef--template qodef-block-b99a9c94 qodef-col-num--1 qodef-col-layout--100 qodef-content--full-width\"><div class=\"qodef-section-background-overlay\"><\/div><div class=\"qodef-gutenberg-row\">\n<div class=\"wp-block-qi-blocks-column qodef-gutenberg-column qodef-block-b43a8fa8\"><div class=\"qodef-gutenberg-column-inner\">\n<h2 class=\"wp-block-heading\">Origini della Societ\u00e0 Africana d\u2019Italia<\/h2>\n\n\n\n<p>La Societ\u00e0 Africana d\u2019Italia (SAI) nacque a Napoli nel 1880 con il nome di Club Africano. Fondata da alcune delle personalit\u00e0 pi\u00f9 influenti della societ\u00e0 napoletana dell\u2019epoca, la SAI promosse iniziative scientifiche, commerciali e culturali dedicate alla conoscenza del continente africano.<\/p>\n\n\n\n<p>L\u2019associazione sostenne viaggi di esplorazione e ricerche geografiche, organizz\u00f2 conferenze e corsi di lingue presso il Regio Istituto Orientale \u2013 oggi Universit\u00e0 degli Studi di Napoli \u201cL\u2019Orientale\u201d \u2013 e pubblic\u00f2 un proprio bollettino scientifico.<\/p>\n\n\n\n<p>Nel corso della sua attivit\u00e0 la SAI raccolse un vasto patrimonio librario e documentario, oltre a una ricca collezione di materiali botanici, zoologici, merceologici ed etnografici.<\/p>\n\n\n\n<section class=\"wp-block-qi-blocks-columns qodef-gutenberg-section qodef--template qodef-block-fa426129 qodef-col-num--2 qodef-col-layout--33-66 qodef-content--boxed\"><div class=\"qodef-section-background-overlay\"><\/div><div class=\"qodef-gutenberg-row\">\n<div class=\"wp-block-qi-blocks-column qodef-gutenberg-column qodef-block-1de9842a\"><div class=\"qodef-gutenberg-column-inner\"><\/div><\/div>\n\n\n\n<div class=\"wp-block-qi-blocks-column qodef-gutenberg-column qodef-block-f144ca4e\"><div class=\"qodef-gutenberg-column-inner\">\n<h3 class=\"wp-block-heading\">Dalla Societ\u00e0 al museo<\/h3>\n\n\n\n<p>Dopo la Seconda guerra mondiale, la sede della Societ\u00e0 divenne inagibile e le collezioni furono trasferite prima alla Mostra d\u2019Oltremare e successivamente all\u2019Istituto Universitario Orientale.<\/p>\n\n\n\n<p>Questo patrimonio ha dato origine al Museo della Societ\u00e0 Africana d\u2019Italia, inaugurato il 28 ottobre 2014 e oggi parte del Sistema Museale di Ateneo dell\u2019Universit\u00e0 degli Studi di Napoli L\u2019Orientale.<\/p>\n<\/div><\/div>\n<\/div><\/section>\n\n\n\n<section class=\"wp-block-qi-blocks-columns qodef-gutenberg-section qodef--template qodef-block-d9ec4719 qodef-col-num--2 qodef-col-layout--66-33 qodef-content--boxed\"><div class=\"qodef-section-background-overlay\"><\/div><div class=\"qodef-gutenberg-row\">\n<div class=\"wp-block-qi-blocks-column qodef-gutenberg-column qodef-block-e949a34d\"><div class=\"qodef-gutenberg-column-inner\">\n<h3 class=\"wp-block-heading\">Le collezioni<\/h3>\n\n\n\n<p>Il museo riflette l\u2019approccio scientifico e interdisciplinare con cui, tra la fine dell\u2019Ottocento e l\u2019inizio del Novecento, veniva studiata la realt\u00e0 africana.<\/p>\n\n\n\n<p>Le collezioni comprendono materiali etnografici provenienti da diverse regioni dell\u2019Africa, tra cui armi tradizionali, strumenti musicali, ornamenti personali, utensili domestici e artigianali, oltre a due imbarcazioni africane.<\/p>\n\n\n\n<p>Accanto agli oggetti etnografici sono conservate raccolte botaniche, zoologiche e merceologiche, costituite da fibre vegetali, pelli, semi di piante coltivate e selvatiche, campioni di gomme e resine, rocce e minerali. Queste raccolte testimoniano l\u2019interesse scientifico per le risorse naturali africane e il loro possibile utilizzo economico.<\/p>\n\n\n\n<p>Tra i reperti pi\u00f9 suggestivi si segnalano cinque mummie di gatto di epoca tolemaica provenienti dalle necropoli egizie.<\/p>\n<\/div><\/div>\n\n\n\n<div class=\"wp-block-qi-blocks-column qodef-gutenberg-column qodef-block-d60464fd\"><div class=\"qodef-gutenberg-column-inner\"><\/div><\/div>\n<\/div><\/section>\n\n\n\n<section class=\"wp-block-qi-blocks-columns qodef-gutenberg-section qodef--template qodef-block-21d21dd8 qodef-col-num--2 qodef-col-layout--33-66 qodef-content--boxed\"><div class=\"qodef-section-background-overlay\"><\/div><div class=\"qodef-gutenberg-row\">\n<div class=\"wp-block-qi-blocks-column qodef-gutenberg-column qodef-block-426bf1de\"><div class=\"qodef-gutenberg-column-inner\"><\/div><\/div>\n\n\n\n<div class=\"wp-block-qi-blocks-column qodef-gutenberg-column qodef-block-1b492eee\"><div class=\"qodef-gutenberg-column-inner\">\n<h3 class=\"wp-block-heading\">Un museo per conoscere l\u2019Africa<\/h3>\n\n\n\n<p>Il Museo della Societ\u00e0 Africana d\u2019Italia rappresenta oggi un\u2019importante testimonianza storica degli studi africani in Italia e offre un percorso che permette di esplorare la variet\u00e0 delle culture e delle tradizioni del continente africano attraverso oggetti, documenti e collezioni scientifiche.<\/p>\n<\/div><\/div>\n<\/div><\/section>\n<\/div><\/div>\n<\/div><\/section>\n\n\n\n<section class=\"wp-block-qi-blocks-columns qodef-gutenberg-section qodef--template qodef-block-34cf01ba qodef-col-num--1 qodef-col-layout--100 qodef-content--full-width\"><div class=\"qodef-section-background-overlay\"><\/div><div class=\"qodef-gutenberg-row\">\n<div class=\"wp-block-qi-blocks-column qodef-gutenberg-column qodef-block-048462f2\"><div class=\"qodef-gutenberg-column-inner\">\n<h2 class=\"wp-block-heading\">Le sezioni del SAI<\/h2>\n\n\n\n<section class=\"wp-block-qi-blocks-columns qodef-gutenberg-section qodef--template qodef-block-f445ebcd qodef-col-num--4 qodef-col-layout--25 qodef-content--boxed\"><div class=\"qodef-section-background-overlay\"><\/div><div class=\"qodef-gutenberg-row\">\n<div class=\"wp-block-qi-blocks-column qodef-gutenberg-column qodef-block-5359b58c\"><div class=\"qodef-gutenberg-column-inner\">\n<div class=\"wp-block-qi-blocks-single-image qodef-block-container qodef-block-fcf5ca0f\"><div class=\"qi-block-single-image qodef-block qodef-m\"><div class=\"qodef-m-image\"><img decoding=\"async\" class=\"\"  src=\"https:\/\/museoscerrato.unior.it\/wp-content\/plugins\/qi-blocks\/assets\/img\/placeholder.png\" alt=\"Placeholder Image\"\/><\/div><\/div><\/div>\n\n\n\n<h3 class=\"wp-block-heading has-text-align-center\" id=\"single\" style=\"letter-spacing:0px\">Demo-etno-antropologica<\/h3>\n\n\n\n<div class=\"wp-block-buttons is-content-justification-center is-layout-flex wp-container-core-buttons-is-layout-a89b3969 wp-block-buttons-is-layout-flex\">\n<div class=\"wp-block-button has-custom-width wp-block-button__width-100\"><a class=\"wp-block-button__link wp-element-button\" href=\"https:\/\/museoscerrato.unior.it\/?page_id=451&amp;sezioneID=LI37770&amp;collName=Sezione%20demoetnoantropologica\">vai alla sezione<\/a><\/div>\n<\/div>\n<\/div><\/div>\n\n\n\n<div class=\"wp-block-qi-blocks-column qodef-gutenberg-column qodef-block-3260845f\"><div class=\"qodef-gutenberg-column-inner\">\n<div class=\"wp-block-qi-blocks-single-image qodef-block-container qodef-block-5db6082d\"><div class=\"qi-block-single-image qodef-block qodef-m\"><div class=\"qodef-m-image\"><img decoding=\"async\" class=\"\"  src=\"https:\/\/museoscerrato.unior.it\/wp-content\/plugins\/qi-blocks\/assets\/img\/placeholder.png\" alt=\"Placeholder Image\"\/><\/div><\/div><\/div>\n\n\n\n<h3 class=\"wp-block-heading has-text-align-center\" id=\"single\" style=\"letter-spacing:0px\">Archeologica<\/h3>\n\n\n\n<div class=\"wp-block-buttons is-content-justification-center is-layout-flex wp-container-core-buttons-is-layout-a89b3969 wp-block-buttons-is-layout-flex\">\n<div class=\"wp-block-button has-custom-width wp-block-button__width-100\"><a class=\"wp-block-button__link wp-element-button\" href=\"https:\/\/museoscerrato.unior.it\/?page_id=451&amp;sezioneID=LI37769&amp;collName=Sezione%20archeologica\">vai alla sezione<\/a><\/div>\n<\/div>\n<\/div><\/div>\n\n\n\n<div class=\"wp-block-qi-blocks-column qodef-gutenberg-column qodef-block-3bd5bfb5\"><div class=\"qodef-gutenberg-column-inner\">\n<div class=\"wp-block-qi-blocks-single-image qodef-block-container qodef-block-f6b72273\"><div class=\"qi-block-single-image qodef-block qodef-m\"><div class=\"qodef-m-image\"><img decoding=\"async\" class=\"\"  src=\"https:\/\/museoscerrato.unior.it\/wp-content\/plugins\/qi-blocks\/assets\/img\/placeholder.png\" alt=\"Placeholder Image\"\/><\/div><\/div><\/div>\n\n\n\n<h3 class=\"wp-block-heading has-text-align-center\" id=\"single\">Naturalistica botanica<\/h3>\n\n\n\n<div class=\"wp-block-buttons is-content-justification-center is-layout-flex wp-container-core-buttons-is-layout-a89b3969 wp-block-buttons-is-layout-flex\">\n<div class=\"wp-block-button has-custom-width wp-block-button__width-100\"><a class=\"wp-block-button__link wp-element-button\" href=\"https:\/\/museoscerrato.unior.it\/?page_id=451&amp;sezioneID=LI37771&amp;collName=Sezione%20naturalistica%20-%20botanica\">vai alla sezione<\/a><\/div>\n<\/div>\n<\/div><\/div>\n\n\n\n<div class=\"wp-block-qi-blocks-column qodef-gutenberg-column qodef-block-d1f22904\"><div class=\"qodef-gutenberg-column-inner\">\n<div class=\"wp-block-qi-blocks-single-image qodef-block-container qodef-block-dbafbb0c\"><div class=\"qi-block-single-image qodef-block qodef-m\"><div class=\"qodef-m-image\"><img decoding=\"async\" class=\"\"  src=\"https:\/\/museoscerrato.unior.it\/wp-content\/plugins\/qi-blocks\/assets\/img\/placeholder.png\" alt=\"Placeholder Image\"\/><\/div><\/div><\/div>\n\n\n\n<h3 class=\"wp-block-heading has-text-align-center\" id=\"single\" style=\"letter-spacing:0px\">Naturalistica zoologica<\/h3>\n\n\n\n<div class=\"wp-block-buttons is-content-justification-center is-layout-flex wp-container-core-buttons-is-layout-a89b3969 wp-block-buttons-is-layout-flex\">\n<div class=\"wp-block-button has-custom-width wp-block-button__width-100\"><a class=\"wp-block-button__link wp-element-button\" href=\"https:\/\/museoscerrato.unior.it\/?page_id=451&amp;sezioneID=LI37772&amp;collName=Sezione%20naturalistica%20-%20zoologica\">vai alla sezione<\/a><\/div>\n<\/div>\n<\/div><\/div>\n<\/div><\/section>\n<\/div><\/div>\n<\/div><\/section>\n\n\n\n<section class=\"wp-block-qi-blocks-columns qodef-gutenberg-section qodef--template qodef-block-2b2b7597 qodef-col-num--2 qodef-col-layout--33-66 qodef-content--full-width #pubblicazioni\"><div class=\"qodef-section-background-overlay\"><\/div><div class=\"qodef-gutenberg-row\">\n<div class=\"wp-block-qi-blocks-column qodef-gutenberg-column qodef-block-5c3b09c4\"><div class=\"qodef-gutenberg-column-inner\"><\/div><\/div>\n\n\n\n<div class=\"wp-block-qi-blocks-column qodef-gutenberg-column qodef-block-079b4b25\"><div class=\"qodef-gutenberg-column-inner\">\n<h2 class=\"wp-block-heading has-ast-global-color-0-color has-text-color has-link-color wp-elements-571a865d4272c07312b4bbbb88ce7277\">Pubblicazioni<\/h2>\n\n\n\n<section class=\"wp-block-qi-blocks-columns qodef-gutenberg-section qodef--template qodef-block-9e10d5c8 qodef-col-num--1 qodef-col-layout--100 qodef-content--boxed\"><div class=\"qodef-section-background-overlay\"><\/div><div class=\"qodef-gutenberg-row\">\n<div class=\"wp-block-qi-blocks-column qodef-gutenberg-column qodef-block-aec5a4a2\"><div class=\"qodef-gutenberg-column-inner\">\n<p>Clicca e apri le pubblicazioni del Museo della Societ\u00e0 Africana d&#8217;Italia<br><br>Per le tutte le pubblicazioni del Sistema Museale di Ateneo clicca qui<br><\/p>\n\n\n\n<div class=\"wp-block-buttons is-layout-flex wp-block-buttons-is-layout-flex\">\n<div class=\"wp-block-button\"><a class=\"wp-block-button__link wp-element-button\" href=\"https:\/\/museoscerrato.unior.it\/?page_id=758#pubblicazioni\">Pubblicazioni SiMA<\/a><\/div>\n<\/div>\n<\/div><\/div>\n<\/div><\/section>\n\n\n\n<section class=\"wp-block-qi-blocks-columns qodef-gutenberg-section qodef--template qodef-block-c9d48a61 qodef-col-num--1 qodef-col-layout--100 qodef-content--boxed\"><div class=\"qodef-section-background-overlay\"><\/div><div class=\"qodef-gutenberg-row\">\n<div class=\"wp-block-qi-blocks-column qodef-gutenberg-column qodef-block-eef51141\"><div class=\"qodef-gutenberg-column-inner\">\n<h3 class=\"wp-block-heading has-medium-font-size\" style=\"padding-top:var(--wp--preset--spacing--20);padding-bottom:var(--wp--preset--spacing--20)\"><br>Cataloghi<\/h3>\n\n\n\n<p class=\"has-ast-global-color-3-color has-text-color has-link-color wp-elements-cb282ee67620e535d5c091778669dd76\" style=\"padding-top:var(--wp--preset--spacing--20);padding-bottom:var(--wp--preset--spacing--20);font-style:normal;font-weight:900;line-height:1\"><a href=\"https:\/\/museoscerrato.unior.it\/wp-content\/uploads\/2025\/02\/Valenzi.pdf\" data-type=\"attachment\" data-id=\"1079\" target=\"_blank\" rel=\"noreferrer noopener\">Catalogo mostra temporanea L&#8217;Africa di Maurizio. Oggetti africani della collezione Valenzi<\/a><\/p>\n\n\n\n<h3 class=\"wp-block-heading has-medium-font-size\" style=\"padding-top:var(--wp--preset--spacing--20);padding-bottom:var(--wp--preset--spacing--20)\">Brochure<\/h3>\n\n\n\n<p class=\"has-ast-global-color-3-color has-text-color has-link-color wp-elements-9fc9dd58961729bcd846a80180f961b4\" style=\"padding-top:var(--wp--preset--spacing--20);padding-bottom:var(--wp--preset--spacing--20);font-style:normal;font-weight:900;line-height:1\"><a href=\"https:\/\/museoscerrato.unior.it\/wp-content\/uploads\/2025\/02\/Brochure-Societa-africana-dItalia.pdf\" data-type=\"attachment\" data-id=\"1084\" target=\"_blank\" rel=\"noreferrer noopener\">Brochure Societ\u00e0 africana d&#8217;Italia<\/a><\/p>\n<\/div><\/div>\n<\/div><\/section>\n<\/div><\/div>\n<\/div><\/section>\n\n\n\n<section class=\"wp-block-qi-blocks-columns qodef-gutenberg-section qodef--template qodef-block-9a46e36e qodef-col-num--1 qodef-col-layout--100 qodef-content--full-width\"><div class=\"qodef-section-background-overlay\"><\/div><div class=\"qodef-gutenberg-row\">\n<div class=\"wp-block-qi-blocks-column qodef-gutenberg-column qodef-block-29adf09e\"><div class=\"qodef-gutenberg-column-inner\">\n<h2 class=\"wp-block-heading\">Le missioni archeologiche<\/h2>\n\n\n\n<iframe loading=\"lazy\" src=\"https:\/\/www.google.com\/maps\/d\/embed?mid=1QdUOD2NwGqUmBZCpD50FJsEGxdXJtsE&#038;ehbc=2E312F\" width=\"100%\" height=\"680\"><\/iframe>\n<\/div><\/div>\n<\/div><\/section>\n","protected":false},"excerpt":{"rendered":"","protected":false},"author":1,"featured_media":0,"parent":708,"menu_order":0,"comment_status":"closed","ping_status":"closed","template":"","meta":{"_eb_attr":"","site-sidebar-layout":"default","site-content-layout":"","ast-site-content-layout":"","site-content-style":"default","site-sidebar-style":"default","ast-global-header-display":"","ast-banner-title-visibility":"","ast-main-header-display":"","ast-hfb-above-header-display":"","ast-hfb-below-header-display":"","ast-hfb-mobile-header-display":"","site-post-title":"","ast-breadcrumbs-content":"","ast-featured-img":"","footer-sml-layout":"","ast-disable-related-posts":"","theme-transparent-header-meta":"","adv-header-id-meta":"","stick-header-meta":"","header-above-stick-meta":"","header-main-stick-meta":"","header-below-stick-meta":"","astra-migrate-meta-layouts":"default","ast-page-background-enabled":"default","ast-page-background-meta":{"desktop":{"background-color":"var(--ast-global-color-4)","background-image":"","background-repeat":"repeat","background-position":"center center","background-size":"auto","background-attachment":"scroll","background-type":"","background-media":"","overlay-type":"","overlay-color":"","overlay-opacity":"","overlay-gradient":""},"tablet":{"background-color":"","background-image":"","background-repeat":"repeat","background-position":"center center","background-size":"auto","background-attachment":"scroll","background-type":"","background-media":"","overlay-type":"","overlay-color":"","overlay-opacity":"","overlay-gradient":""},"mobile":{"background-color":"","background-image":"","background-repeat":"repeat","background-position":"center center","background-size":"auto","background-attachment":"scroll","background-type":"","background-media":"","overlay-type":"","overlay-color":"","overlay-opacity":"","overlay-gradient":""}},"ast-content-background-meta":{"desktop":{"background-color":"var(--ast-global-color-5)","background-image":"","background-repeat":"repeat","background-position":"center center","background-size":"auto","background-attachment":"scroll","background-type":"","background-media":"","overlay-type":"","overlay-color":"","overlay-opacity":"","overlay-gradient":""},"tablet":{"background-color":"var(--ast-global-color-5)","background-image":"","background-repeat":"repeat","background-position":"center center","background-size":"auto","background-attachment":"scroll","background-type":"","background-media":"","overlay-type":"","overlay-color":"","overlay-opacity":"","overlay-gradient":""},"mobile":{"background-color":"var(--ast-global-color-5)","background-image":"","background-repeat":"repeat","background-position":"center center","background-size":"auto","background-attachment":"scroll","background-type":"","background-media":"","overlay-type":"","overlay-color":"","overlay-opacity":"","overlay-gradient":""}},"footnotes":""},"class_list":["post-1643","page","type-page","status-publish","hentry"],"_links":{"self":[{"href":"https:\/\/museoscerrato.unior.it\/index.php?rest_route=\/wp\/v2\/pages\/1643","targetHints":{"allow":["GET"]}}],"collection":[{"href":"https:\/\/museoscerrato.unior.it\/index.php?rest_route=\/wp\/v2\/pages"}],"about":[{"href":"https:\/\/museoscerrato.unior.it\/index.php?rest_route=\/wp\/v2\/types\/page"}],"author":[{"embeddable":true,"href":"https:\/\/museoscerrato.unior.it\/index.php?rest_route=\/wp\/v2\/users\/1"}],"replies":[{"embeddable":true,"href":"https:\/\/museoscerrato.unior.it\/index.php?rest_route=%2Fwp%2Fv2%2Fcomments&post=1643"}],"version-history":[{"count":22,"href":"https:\/\/museoscerrato.unior.it\/index.php?rest_route=\/wp\/v2\/pages\/1643\/revisions"}],"predecessor-version":[{"id":2624,"href":"https:\/\/museoscerrato.unior.it\/index.php?rest_route=\/wp\/v2\/pages\/1643\/revisions\/2624"}],"up":[{"embeddable":true,"href":"https:\/\/museoscerrato.unior.it\/index.php?rest_route=\/wp\/v2\/pages\/708"}],"wp:attachment":[{"href":"https:\/\/museoscerrato.unior.it\/index.php?rest_route=%2Fwp%2Fv2%2Fmedia&parent=1643"}],"curies":[{"name":"wp","href":"https:\/\/api.w.org\/{rel}","templated":true}]}}